{"id":174,"date":"2024-03-03T10:29:17","date_gmt":"2024-03-03T09:29:17","guid":{"rendered":"https:\/\/www.sarahkenigsberg.fr\/?page_id=174"},"modified":"2024-03-03T10:30:46","modified_gmt":"2024-03-03T09:30:46","slug":"174-2","status":"publish","type":"page","link":"https:\/\/www.sarahkenigsberg.fr\/","title":{"rendered":""},"content":{"rendered":"\n<p>Bonjour, <\/p>\n\n\n\n<p>Je suis psychologue clinicienne, dipl\u00f4m\u00e9e d\u2019un master 2 en psychologie clinique et psychopathologie de l\u2019Universit\u00e9 Paris Diderot-Paris VII, et psychanalyste.<\/p>\n\n\n\n<p>Je vous re\u00e7ois sur rendez-vous en toute confidentialit\u00e9 et avec bienveillance. En tant que psychologue psychanalyste, mon \u00e9coute est sans jugement, sans moralisme, sans pr\u00e9jug\u00e9. <\/p>\n\n\n\n<p>Chacun de nous vit les al\u00e9as de la vie de mani\u00e8re subjective, en fonction de ses ressources et de son histoire personnelle. Si un mal-\u00eatre vous assaille, quel qu&rsquo;il soit, il est important de ne pas rester seul avec votre probl\u00e8me et de venir en parler pour mieux surmonter l\u2019\u00e9preuve. <\/p>\n\n\n\n<p>Je vous aiderai \u00e0 d\u00e9m\u00ealer ce qui vous emp\u00eache, vous bloque, vous affecte dans votre vie. Par la parole face \u00e0 un professionnel, votre v\u00e9cu se met en voix, se raconte. Des souvenirs \u00e9mergent, des liens avec le pass\u00e9 s\u2019entrevoient, se dessinent. Une autre lecture de votre histoire est possible, telle une nouvelle clart\u00e9 sur des terrains du pass\u00e9, qui vous permettront d\u2019avancer d\u2019un pas plus assur\u00e9 et confiant. <\/p>\n\n\n\n<p>Il arrive \u00e9galement qu\u2019un traumatisme en r\u00e9veille d\u2019autres plus anciens. Je vous recommande de ne pas laisser cette situation vous exiler de votre vie pr\u00e9sente et de vous r\u00e9approprier votre espace psychique par un travail th\u00e9rapeutique que je vous aiderai \u00e0 mener. <\/p>\n\n\n\n<p>Par ailleurs, des sympt\u00f4mes psychiques ou somatiques, des conduites \u00e0 risque ou des relations toxiques peuvent \u00eatre la partie \u00e9merg\u00e9e de l\u2019iceberg. Des v\u00e9cus avec lesquels vous avez d\u00fb composer, consciemment ou inconsciemment, dans le pass\u00e9, ou que vous avez mis de c\u00f4t\u00e9, restent encore stagnants, en attente d\u2019\u00eatre pens\u00e9s, \u00e9prouv\u00e9s, verbalis\u00e9s. <\/p>\n\n\n\n<p>Pour vous aider \u00e0 cerner votre demande, voici des exemples de motifs de consultation \u00e0 mon cabinet : <\/p>\n\n\n\n<p>Manque de confiance en soi, anxi\u00e9t\u00e9, hypersensibilit\u00e9, crise existentielle, d\u00e9pression, addictions, maladie grave, souffrance au travail, burn-out, inhibitions, difficult\u00e9 relationnelle, d\u00e9pendance affective, ruptures, probl\u00e8mes conjugaux, traumatismes, infertilit\u00e9, etc. <\/p>\n\n\n\n<p>Il est tout \u00e0 fait possible de prendre rendez-vous sans savoir pr\u00e9cis\u00e9ment au pr\u00e9alable ce qui vous pose probl\u00e8me dans votre vie. <\/p>\n\n\n\n<p>Mon cabinet de psychologue psychanalyste est telle une \u00ab chambre \u00e0 soi \u00bb de relecture et d\u00e9couverte de soi-m\u00eame et de son propre univers int\u00e9rieur, de questionnement, de progression, de soin, et de conqu\u00eate r\u00e9fl\u00e9chie et avis\u00e9e de sa propre vie, d\u00e9livr\u00e9e de sch\u00e9mas r\u00e9p\u00e9titifs qui embourbent et s\u00e8ment la confusion. <\/p>\n\n\n\n<p>Le travail de th\u00e9rapie se fait en face \u00e0 face ou peut prendre la forme d\u2019une cure psychanalytique sur le divan, selon mon \u00e9valuation de votre situation et votre d\u00e9sir. <\/p>\n\n\n\n<p>Les miracles n\u2019existent pas, mais je crois en la force de la parole et de la pr\u00e9sence aidante d\u2019un autre dans des situations de la vie compliqu\u00e9es. <\/p>\n\n\n\n<p>Mon orientation psychanalytique est ce que je consid\u00e8re le plus \u00e0 m\u00eame de pouvoir d\u00e9m\u00ealer en profondeur ce qui vous tourmente, vous inhibe, vous p\u00e8se, vous harc\u00e8le dans votre vie au quotidien. Cette pratique prend en compte votre personne dans sa globalit\u00e9, consciente et inconsciente. <\/p>\n\n\n\n<p>Mes \u00e9tudes universitaires en psychologie clinique et psychanalyse, mes exp\u00e9riences professionnelles, ma supervision et groupes de travail sont de solides appuis et r\u00e9f\u00e9rences pour vous accompagner dans un travail th\u00e9rapeutique. Ma longue analyse personnelle m\u2019a permis de mieux me comprendre, me conna\u00eetre et reconna\u00eetre de l\u2019int\u00e9rieur que les \u00e9preuves peuvent \u00eatre surmont\u00e9es en reprenant sa parole. Avoir fait son propre travail analytique est le garant d\u2019une meilleure \u00e9coute de nos patients. <\/p>\n\n\n\n<p>Concernant l&rsquo;aide au remboursement de s\u00e9ances, je peux vous \u00e9tablir des factures pour votre mutuelle.<\/p>\n","protected":false},"excerpt":{"rendered":"<p>Bonjour, Je suis psychologue clinicienne, dipl\u00f4m\u00e9e d\u2019un master 2 en psychologie clinique et psychopathologie de l\u2019Universit\u00e9 Paris Diderot-Paris VII, et psychanalyste. Je vous re\u00e7ois sur rendez-vous en toute confidentialit\u00e9 et avec bienveillance. En tant que psychologue psychanalyste, mon \u00e9coute est sans jugement, sans moralisme, sans pr\u00e9jug\u00e9. Chacun de nous vit les al\u00e9as de la vie&hellip;<\/p>\n<p class=\"more-link-wrapper\"><a class=\"more-link\" href=\"https:\/\/www.sarahkenigsberg.fr\/\">Continue<\/a><\/p>\n","protected":false},"author":1,"featured_media":0,"parent":0,"menu_order":0,"comment_status":"closed","ping_status":"closed","template":"","meta":{"footnotes":""},"class_list":["post-174","page","type-page","status-publish","hentry"],"_links":{"self":[{"href":"https:\/\/www.sarahkenigsberg.fr\/index.php\/wp-json\/wp\/v2\/pages\/174","targetHints":{"allow":["GET"]}}],"collection":[{"href":"https:\/\/www.sarahkenigsberg.fr\/index.php\/wp-json\/wp\/v2\/pages"}],"about":[{"href":"https:\/\/www.sarahkenigsberg.fr\/index.php\/wp-json\/wp\/v2\/types\/page"}],"author":[{"embeddable":true,"href":"https:\/\/www.sarahkenigsberg.fr\/index.php\/wp-json\/wp\/v2\/users\/1"}],"replies":[{"embeddable":true,"href":"https:\/\/www.sarahkenigsberg.fr\/index.php\/wp-json\/wp\/v2\/comments?post=174"}],"version-history":[{"count":2,"href":"https:\/\/www.sarahkenigsberg.fr\/index.php\/wp-json\/wp\/v2\/pages\/174\/revisions"}],"predecessor-version":[{"id":177,"href":"https:\/\/www.sarahkenigsberg.fr\/index.php\/wp-json\/wp\/v2\/pages\/174\/revisions\/177"}],"wp:attachment":[{"href":"https:\/\/www.sarahkenigsberg.fr\/index.php\/wp-json\/wp\/v2\/media?parent=174"}],"curies":[{"name":"wp","href":"https:\/\/api.w.org\/{rel}","templated":true}]}}